{"id":76,"date":"2022-06-20T11:30:12","date_gmt":"2022-06-20T09:30:12","guid":{"rendered":"http:\/\/www.louvrevictoireagence.com\/?page_id=76"},"modified":"2023-04-28T10:44:29","modified_gmt":"2023-04-28T08:44:29","slug":"contact","status":"publish","type":"page","link":"https:\/\/www.louvrevictoireagence.com\/index.php\/contact\/","title":{"rendered":"CONTACT"},"content":{"rendered":"\n<figure class=\"wp-block-image size-full is-resized\"><img loading=\"lazy\" decoding=\"async\" src=\"http:\/\/www.louvrevictoireagence.com\/wp-content\/uploads\/2022\/06\/Capture-decran-2022-06-30-a-15.22.10.png\" alt=\"\" class=\"wp-image-94\" width=\"132\" height=\"158\" srcset=\"https:\/\/www.louvrevictoireagence.com\/wp-content\/uploads\/2022\/06\/Capture-decran-2022-06-30-a-15.22.10.png 488w, https:\/\/www.louvrevictoireagence.com\/wp-content\/uploads\/2022\/06\/Capture-decran-2022-06-30-a-15.22.10-251x300.png 251w\" sizes=\"auto, (max-width: 132px) 100vw, 132px\" \/><\/figure>\n\n\n\n<p>Nous \u00e9tudions avec soin chaque demande. N\u2019h\u00e9sitez pas \u00e0 nous contacter.<\/p>\n\n\n\n<p>Vous avez un projet : nous aurons des id\u00e9es !<\/p>\n\n\n\n<p>L\u2019Agence Louvre Victoire se situe au&nbsp;68, rue Pergol\u00e8se &#8211; 75116 Paris <\/p>\n\n\n\n<p><\/p>\n\n\n\n<p><strong>louvrevictoireagence@free.fr<\/strong><\/p>\n\n\n\n<p><\/p>\n\n\n\n<p><\/p>\n\n\n\n<figure class=\"wp-block-image size-full is-resized\"><img loading=\"lazy\" decoding=\"async\" src=\"http:\/\/www.louvrevictoireagence.com\/wp-content\/uploads\/2022\/06\/Capture-decran-2022-06-30-a-15.59.10.png\" alt=\"\" class=\"wp-image-95\" width=\"222\" height=\"143\" srcset=\"https:\/\/www.louvrevictoireagence.com\/wp-content\/uploads\/2022\/06\/Capture-decran-2022-06-30-a-15.59.10.png 962w, https:\/\/www.louvrevictoireagence.com\/wp-content\/uploads\/2022\/06\/Capture-decran-2022-06-30-a-15.59.10-300x193.png 300w, https:\/\/www.louvrevictoireagence.com\/wp-content\/uploads\/2022\/06\/Capture-decran-2022-06-30-a-15.59.10-768x493.png 768w\" sizes=\"auto, (max-width: 222px) 100vw, 222px\" \/><\/figure>\n\n\n\n<p>Toute l&#8217;\u00e9quipe se mobilise !<\/p>\n\n\n\n<p>B\u00e9n\u00e9dicte Wattel<\/p>\n\n\n\n<p>Aurore P\u00e9pinster<\/p>\n\n\n\n<p>Rachel Dominuyr<\/p>\n\n\n\n<p>Bruce Benson<\/p>\n\n\n\n<p>Waldec Tie-Benett<\/p>\n\n\n\n<p>Solange Garnier <\/p>\n\n\n\n<p>J\u00f8rgen Jellum<\/p>\n\n\n\n<p><strong>louvrevictoireagence@free.fr<\/strong><\/p>\n\n\n\n<p><\/p>\n\n\n\n<p><\/p>\n\n\n\n<p><\/p>\n\n\n\n<p><\/p>\n","protected":false},"excerpt":{"rendered":"<p>Nous \u00e9tudions avec soin chaque demande. N\u2019h\u00e9sitez pas \u00e0 nous contacter. Vous avez un projet : nous aurons des id\u00e9es ! L\u2019Agence Louvre Victoire se situe au&nbsp;68, rue Pergol\u00e8se &#8211; 75116 Paris louvrevictoireagence@free.fr Toute l&#8217;\u00e9quipe se mobilise ! B\u00e9n\u00e9dicte Wattel Aurore P\u00e9pinster Rachel Dominuyr Bruce Benson Waldec Tie-Benett Solange Garnier J\u00f8rgen Jellum louvrevictoireagence@free.fr<\/p>\n","protected":false},"author":1,"featured_media":0,"parent":0,"menu_order":0,"comment_status":"closed","ping_status":"closed","template":"","meta":{"footnotes":""},"class_list":["post-76","page","type-page","status-publish","hentry"],"_links":{"self":[{"href":"https:\/\/www.louvrevictoireagence.com\/index.php\/wp-json\/wp\/v2\/pages\/76","targetHints":{"allow":["GET"]}}],"collection":[{"href":"https:\/\/www.louvrevictoireagence.com\/index.php\/wp-json\/wp\/v2\/pages"}],"about":[{"href":"https:\/\/www.louvrevictoireagence.com\/index.php\/wp-json\/wp\/v2\/types\/page"}],"author":[{"embeddable":true,"href":"https:\/\/www.louvrevictoireagence.com\/index.php\/wp-json\/wp\/v2\/users\/1"}],"replies":[{"embeddable":true,"href":"https:\/\/www.louvrevictoireagence.com\/index.php\/wp-json\/wp\/v2\/comments?post=76"}],"version-history":[{"count":4,"href":"https:\/\/www.louvrevictoireagence.com\/index.php\/wp-json\/wp\/v2\/pages\/76\/revisions"}],"predecessor-version":[{"id":104,"href":"https:\/\/www.louvrevictoireagence.com\/index.php\/wp-json\/wp\/v2\/pages\/76\/revisions\/104"}],"wp:attachment":[{"href":"https:\/\/www.louvrevictoireagence.com\/index.php\/wp-json\/wp\/v2\/media?parent=76"}],"curies":[{"name":"wp","href":"https:\/\/api.w.org\/{rel}","templated":true}]}}